{"id":305,"date":"2021-04-01T20:01:30","date_gmt":"2021-04-01T20:01:30","guid":{"rendered":"http:\/\/mr-terapie.cz\/?page_id=305"},"modified":"2025-01-01T19:37:45","modified_gmt":"2025-01-01T19:37:45","slug":"terapie-konzultace-poradenstvi-v-olomouci","status":"publish","type":"page","link":"https:\/\/mr-terapie.cz\/home\/","title":{"rendered":"home"},"content":{"rendered":"\t\t<div data-elementor-type=\"wp-page\" data-elementor-id=\"305\" class=\"elementor elementor-305\">\n\t\t\t\t\t\t<section class=\"elementor-section elementor-top-section elementor-element elementor-element-5939a86c elementor-section-height-min-height elementor-section-boxed elementor-section-height-default elementor-section-items-middle\" data-id=\"5939a86c\" data-element_type=\"section\" data-settings=\"{&quot;background_background&quot;:&quot;classic&quot;}\">\n\t\t\t\t\t\t\t<div class=\"elementor-background-overlay\"><\/div>\n\t\t\t\t\t\t\t<div class=\"elementor-container elementor-column-gap-no\">\n\t\t\t\t\t<div class=\"elementor-column elementor-col-100 elementor-top-column elementor-element elementor-element-6f6a47a9\" data-id=\"6f6a47a9\" data-element_type=\"column\">\n\t\t\t<div class=\"elementor-widget-wrap elementor-element-populated\">\n\t\t\t\t\t\t<div class=\"elementor-element elementor-element-ffa1734 elementor-widget elementor-widget-heading\" data-id=\"ffa1734\" data-element_type=\"widget\" data-widget_type=\"heading.default\">\n\t\t\t\t<div class=\"elementor-widget-container\">\n\t\t\t\t\t<h1 class=\"elementor-heading-title elementor-size-default\">Martin Rus\u0148\u00e1k<\/h1>\t\t\t\t<\/div>\n\t\t\t\t<\/div>\n\t\t\t\t<div class=\"elementor-element elementor-element-dd55020 elementor-widget elementor-widget-heading\" data-id=\"dd55020\" data-element_type=\"widget\" data-widget_type=\"heading.default\">\n\t\t\t\t<div class=\"elementor-widget-container\">\n\t\t\t\t\t<h2 class=\"elementor-heading-title elementor-size-default\">psychoterapeutick\u00e9  poradenstv\u00ed<\/h2>\t\t\t\t<\/div>\n\t\t\t\t<\/div>\n\t\t\t\t<div class=\"elementor-element elementor-element-1c0d792 elementor-widget elementor-widget-text-editor\" data-id=\"1c0d792\" data-element_type=\"widget\" data-widget_type=\"text-editor.default\">\n\t\t\t\t<div class=\"elementor-widget-container\">\n\t\t\t\t\t\t\t\t\t<p>Trp\u00edte pocity smutku, osam\u011blosti, strachu nebo\u00a0 studu?<br \/>Pro\u017e\u00edv\u00e1te stavy \u00fazkosti, deprese, paniky, tr\u00e1p\u00ed v\u00e1s chronick\u00fd stres?<br \/>Proch\u00e1z\u00edte vztahov\u00fdmi obt\u00ed\u017eemi, slo\u017eitou \u017eivotn\u00ed situac\u00ed, ztr\u00e1tou?<\/p>\t\t\t\t\t\t\t\t<\/div>\n\t\t\t\t<\/div>\n\t\t\t\t<div class=\"elementor-element elementor-element-d9a139b elementor-widget elementor-widget-text-editor\" data-id=\"d9a139b\" data-element_type=\"widget\" data-widget_type=\"text-editor.default\">\n\t\t\t\t<div class=\"elementor-widget-container\">\n\t\t\t\t\t\t\t\t\t<p style=\"text-align: center;\">Ka\u017ed\u00fd probl\u00e9m m\u00e1 sv\u00e9 \u0159e\u0161en\u00ed a spole\u010dn\u011b k n\u011bmu najdeme cestu.<\/p>\t\t\t\t\t\t\t\t<\/div>\n\t\t\t\t<\/div>\n\t\t\t\t\t<\/div>\n\t\t<\/div>\n\t\t\t\t\t<\/div>\n\t\t<\/section>\n\t\t\t\t<\/div>\n\t\t","protected":false},"excerpt":{"rendered":"<p>Martin Rus\u0148\u00e1k psychoterapeutick\u00e9 poradenstv\u00ed Trp\u00edte pocity smutku, osam\u011blosti, strachu nebo\u00a0 studu?Pro\u017e\u00edv\u00e1te stavy \u00fazkosti, deprese, paniky, tr\u00e1p\u00ed v\u00e1s chronick\u00fd stres?Proch\u00e1z\u00edte vztahov\u00fdmi obt\u00ed\u017eemi, slo\u017eitou \u017eivotn\u00ed situac\u00ed, ztr\u00e1tou? Ka\u017ed\u00fd probl\u00e9m m\u00e1 sv\u00e9 \u0159e\u0161en\u00ed a spole\u010dn\u011b k n\u011bmu najdeme cestu.<\/p>\n","protected":false},"author":1,"featured_media":0,"parent":0,"menu_order":0,"comment_status":"closed","ping_status":"closed","template":"","meta":{"site-sidebar-layout":"no-sidebar","site-content-layout":"page-builder","ast-site-content-layout":"default","site-content-style":"default","site-sidebar-style":"default","ast-global-header-display":"","ast-banner-title-visibility":"","ast-main-header-display":"","ast-hfb-above-header-display":"","ast-hfb-below-header-display":"","ast-hfb-mobile-header-display":"","site-post-title":"disabled","ast-breadcrumbs-content":"","ast-featured-img":"disabled","footer-sml-layout":"","ast-disable-related-posts":"","theme-transparent-header-meta":"default","adv-header-id-meta":"","stick-header-meta":"","header-above-stick-meta":"","header-main-stick-meta":"","header-below-stick-meta":"","astra-migrate-meta-layouts":"default","ast-page-background-enabled":"default","ast-page-background-meta":{"desktop":{"background-color":"","background-image":"","background-repeat":"repeat","background-position":"center center","background-size":"auto","background-attachment":"scroll","background-type":"","background-media":"","overlay-type":"","overlay-color":"","overlay-opacity":"","overlay-gradient":""},"tablet":{"background-color":"","background-image":"","background-repeat":"repeat","background-position":"center center","background-size":"auto","background-attachment":"scroll","background-type":"","background-media":"","overlay-type":"","overlay-color":"","overlay-opacity":"","overlay-gradient":""},"mobile":{"background-color":"","background-image":"","background-repeat":"repeat","background-position":"center center","background-size":"auto","background-attachment":"scroll","background-type":"","background-media":"","overlay-type":"","overlay-color":"","overlay-opacity":"","overlay-gradient":""}},"ast-content-background-meta":{"desktop":{"background-color":"var(--ast-global-color-5)","background-image":"","background-repeat":"repeat","background-position":"center center","background-size":"auto","background-attachment":"scroll","background-type":"","background-media":"","overlay-type":"","overlay-color":"","overlay-opacity":"","overlay-gradient":""},"tablet":{"background-color":"var(--ast-global-color-5)","background-image":"","background-repeat":"repeat","background-position":"center center","background-size":"auto","background-attachment":"scroll","background-type":"","background-media":"","overlay-type":"","overlay-color":"","overlay-opacity":"","overlay-gradient":""},"mobile":{"background-color":"var(--ast-global-color-5)","background-image":"","background-repeat":"repeat","background-position":"center center","background-size":"auto","background-attachment":"scroll","background-type":"","background-media":"","overlay-type":"","overlay-color":"","overlay-opacity":"","overlay-gradient":""}},"footnotes":""},"class_list":["post-305","page","type-page","status-publish","hentry"],"yoast_head":"<!-- This site is optimized with the Yoast SEO plugin v24.3 - https:\/\/yoast.com\/wordpress\/plugins\/seo\/ -->\n<title>Martin Rus\u0148\u00e1k - terapie Olomouc<\/title>\n<meta name=\"description\" content=\"Pro\u017e\u00edv\u00e1te stavy \u00fazkosti, deprese a paniky? Proch\u00e1z\u00edte vztahov\u00fdmi obt\u00ed\u017eemi, slo\u017eitou \u017eivotn\u00ed situac\u00ed \u010di ztr\u00e1tou? Terapie v Olomouci i on-line prost\u0159ednictv\u00edm Skype a ZOOM.\" \/>\n<meta name=\"robots\" content=\"index, follow, max-snippet:-1, max-image-preview:large, max-video-preview:-1\" \/>\n<link rel=\"canonical\" href=\"https:\/\/mr-terapie.cz\/home\/\" \/>\n<meta property=\"og:locale\" content=\"cs_CZ\" \/>\n<meta property=\"og:type\" content=\"article\" \/>\n<meta property=\"og:title\" content=\"Martin Rus\u0148\u00e1k - terapie Olomouc\" \/>\n<meta property=\"og:description\" content=\"Pro\u017e\u00edv\u00e1te stavy \u00fazkosti, deprese a paniky? Proch\u00e1z\u00edte vztahov\u00fdmi obt\u00ed\u017eemi, slo\u017eitou \u017eivotn\u00ed situac\u00ed \u010di ztr\u00e1tou? Terapie v Olomouci i on-line prost\u0159ednictv\u00edm Skype a ZOOM.\" \/>\n<meta property=\"og:url\" content=\"https:\/\/mr-terapie.cz\/home\/\" \/>\n<meta property=\"og:site_name\" content=\"https:\/\/mr-terapie.cz\" \/>\n<meta property=\"article:modified_time\" content=\"2025-01-01T19:37:45+00:00\" \/>\n<meta name=\"twitter:card\" content=\"summary_large_image\" \/>\n<meta name=\"twitter:label1\" content=\"Odhadovan\u00e1 doba \u010dten\u00ed\" \/>\n\t<meta name=\"twitter:data1\" content=\"1 minuta\" \/>\n<script type=\"application\/ld+json\" class=\"yoast-schema-graph\">{\"@context\":\"https:\/\/schema.org\",\"@graph\":[{\"@type\":\"WebPage\",\"@id\":\"https:\/\/mr-terapie.cz\/home\/\",\"url\":\"https:\/\/mr-terapie.cz\/home\/\",\"name\":\"Martin Rus\u0148\u00e1k - terapie Olomouc\",\"isPartOf\":{\"@id\":\"https:\/\/mr-terapie.cz\/home\/#website\"},\"datePublished\":\"2021-04-01T20:01:30+00:00\",\"dateModified\":\"2025-01-01T19:37:45+00:00\",\"description\":\"Pro\u017e\u00edv\u00e1te stavy \u00fazkosti, deprese a paniky? Proch\u00e1z\u00edte vztahov\u00fdmi obt\u00ed\u017eemi, slo\u017eitou \u017eivotn\u00ed situac\u00ed \u010di ztr\u00e1tou? Terapie v Olomouci i on-line prost\u0159ednictv\u00edm Skype a ZOOM.\",\"breadcrumb\":{\"@id\":\"https:\/\/mr-terapie.cz\/home\/#breadcrumb\"},\"inLanguage\":\"cs\",\"potentialAction\":[{\"@type\":\"ReadAction\",\"target\":[\"https:\/\/mr-terapie.cz\/home\/\"]}]},{\"@type\":\"BreadcrumbList\",\"@id\":\"https:\/\/mr-terapie.cz\/home\/#breadcrumb\",\"itemListElement\":[{\"@type\":\"ListItem\",\"position\":1,\"name\":\"Dom\u016f\",\"item\":\"https:\/\/mr-terapie.cz\/home\/\"},{\"@type\":\"ListItem\",\"position\":2,\"name\":\"home\"}]},{\"@type\":\"WebSite\",\"@id\":\"https:\/\/mr-terapie.cz\/home\/#website\",\"url\":\"https:\/\/mr-terapie.cz\/home\/\",\"name\":\"https:\/\/mr-terapie.cz\",\"description\":\"...\",\"publisher\":{\"@id\":\"https:\/\/mr-terapie.cz\/home\/#organization\"},\"potentialAction\":[{\"@type\":\"SearchAction\",\"target\":{\"@type\":\"EntryPoint\",\"urlTemplate\":\"https:\/\/mr-terapie.cz\/home\/?s={search_term_string}\"},\"query-input\":{\"@type\":\"PropertyValueSpecification\",\"valueRequired\":true,\"valueName\":\"search_term_string\"}}],\"inLanguage\":\"cs\"},{\"@type\":\"Organization\",\"@id\":\"https:\/\/mr-terapie.cz\/home\/#organization\",\"name\":\"https:\/\/mr-terapie.cz\",\"url\":\"https:\/\/mr-terapie.cz\/home\/\",\"logo\":{\"@type\":\"ImageObject\",\"inLanguage\":\"cs\",\"@id\":\"https:\/\/mr-terapie.cz\/home\/#\/schema\/logo\/image\/\",\"url\":\"https:\/\/mr-terapie.cz\/wp-content\/uploads\/2021\/04\/logo1.png\",\"contentUrl\":\"https:\/\/mr-terapie.cz\/wp-content\/uploads\/2021\/04\/logo1.png\",\"width\":180,\"height\":46,\"caption\":\"https:\/\/mr-terapie.cz\"},\"image\":{\"@id\":\"https:\/\/mr-terapie.cz\/home\/#\/schema\/logo\/image\/\"}}]}<\/script>\n<!-- \/ Yoast SEO plugin. -->","yoast_head_json":{"title":"Martin Rus\u0148\u00e1k - terapie Olomouc","description":"Pro\u017e\u00edv\u00e1te stavy \u00fazkosti, deprese a paniky? Proch\u00e1z\u00edte vztahov\u00fdmi obt\u00ed\u017eemi, slo\u017eitou \u017eivotn\u00ed situac\u00ed \u010di ztr\u00e1tou? Terapie v Olomouci i on-line prost\u0159ednictv\u00edm Skype a ZOOM.","robots":{"index":"index","follow":"follow","max-snippet":"max-snippet:-1","max-image-preview":"max-image-preview:large","max-video-preview":"max-video-preview:-1"},"canonical":"https:\/\/mr-terapie.cz\/home\/","og_locale":"cs_CZ","og_type":"article","og_title":"Martin Rus\u0148\u00e1k - terapie Olomouc","og_description":"Pro\u017e\u00edv\u00e1te stavy \u00fazkosti, deprese a paniky? Proch\u00e1z\u00edte vztahov\u00fdmi obt\u00ed\u017eemi, slo\u017eitou \u017eivotn\u00ed situac\u00ed \u010di ztr\u00e1tou? Terapie v Olomouci i on-line prost\u0159ednictv\u00edm Skype a ZOOM.","og_url":"https:\/\/mr-terapie.cz\/home\/","og_site_name":"https:\/\/mr-terapie.cz","article_modified_time":"2025-01-01T19:37:45+00:00","twitter_card":"summary_large_image","twitter_misc":{"Odhadovan\u00e1 doba \u010dten\u00ed":"1 minuta"},"schema":{"@context":"https:\/\/schema.org","@graph":[{"@type":"WebPage","@id":"https:\/\/mr-terapie.cz\/home\/","url":"https:\/\/mr-terapie.cz\/home\/","name":"Martin Rus\u0148\u00e1k - terapie Olomouc","isPartOf":{"@id":"https:\/\/mr-terapie.cz\/home\/#website"},"datePublished":"2021-04-01T20:01:30+00:00","dateModified":"2025-01-01T19:37:45+00:00","description":"Pro\u017e\u00edv\u00e1te stavy \u00fazkosti, deprese a paniky? Proch\u00e1z\u00edte vztahov\u00fdmi obt\u00ed\u017eemi, slo\u017eitou \u017eivotn\u00ed situac\u00ed \u010di ztr\u00e1tou? Terapie v Olomouci i on-line prost\u0159ednictv\u00edm Skype a ZOOM.","breadcrumb":{"@id":"https:\/\/mr-terapie.cz\/home\/#breadcrumb"},"inLanguage":"cs","potentialAction":[{"@type":"ReadAction","target":["https:\/\/mr-terapie.cz\/home\/"]}]},{"@type":"BreadcrumbList","@id":"https:\/\/mr-terapie.cz\/home\/#breadcrumb","itemListElement":[{"@type":"ListItem","position":1,"name":"Dom\u016f","item":"https:\/\/mr-terapie.cz\/home\/"},{"@type":"ListItem","position":2,"name":"home"}]},{"@type":"WebSite","@id":"https:\/\/mr-terapie.cz\/home\/#website","url":"https:\/\/mr-terapie.cz\/home\/","name":"https:\/\/mr-terapie.cz","description":"...","publisher":{"@id":"https:\/\/mr-terapie.cz\/home\/#organization"},"potentialAction":[{"@type":"SearchAction","target":{"@type":"EntryPoint","urlTemplate":"https:\/\/mr-terapie.cz\/home\/?s={search_term_string}"},"query-input":{"@type":"PropertyValueSpecification","valueRequired":true,"valueName":"search_term_string"}}],"inLanguage":"cs"},{"@type":"Organization","@id":"https:\/\/mr-terapie.cz\/home\/#organization","name":"https:\/\/mr-terapie.cz","url":"https:\/\/mr-terapie.cz\/home\/","logo":{"@type":"ImageObject","inLanguage":"cs","@id":"https:\/\/mr-terapie.cz\/home\/#\/schema\/logo\/image\/","url":"https:\/\/mr-terapie.cz\/wp-content\/uploads\/2021\/04\/logo1.png","contentUrl":"https:\/\/mr-terapie.cz\/wp-content\/uploads\/2021\/04\/logo1.png","width":180,"height":46,"caption":"https:\/\/mr-terapie.cz"},"image":{"@id":"https:\/\/mr-terapie.cz\/home\/#\/schema\/logo\/image\/"}}]}},"_links":{"self":[{"href":"https:\/\/mr-terapie.cz\/home\/wp-json\/wp\/v2\/pages\/305","targetHints":{"allow":["GET"]}}],"collection":[{"href":"https:\/\/mr-terapie.cz\/home\/wp-json\/wp\/v2\/pages"}],"about":[{"href":"https:\/\/mr-terapie.cz\/home\/wp-json\/wp\/v2\/types\/page"}],"author":[{"embeddable":true,"href":"https:\/\/mr-terapie.cz\/home\/wp-json\/wp\/v2\/users\/1"}],"replies":[{"embeddable":true,"href":"https:\/\/mr-terapie.cz\/home\/wp-json\/wp\/v2\/comments?post=305"}],"version-history":[{"count":70,"href":"https:\/\/mr-terapie.cz\/home\/wp-json\/wp\/v2\/pages\/305\/revisions"}],"predecessor-version":[{"id":888,"href":"https:\/\/mr-terapie.cz\/home\/wp-json\/wp\/v2\/pages\/305\/revisions\/888"}],"wp:attachment":[{"href":"https:\/\/mr-terapie.cz\/home\/wp-json\/wp\/v2\/media?parent=305"}],"curies":[{"name":"wp","href":"https:\/\/api.w.org\/{rel}","templated":true}]}}